{"id":1893,"date":"2024-02-25T00:18:09","date_gmt":"2024-02-25T00:18:09","guid":{"rendered":"https:\/\/texclean-sh.de\/?post_type=product&#038;p=1893"},"modified":"2025-10-26T20:48:59","modified_gmt":"2025-10-26T20:48:59","slug":"anzug-2-teilig-hose-sakko","status":"publish","type":"product","link":"https:\/\/texclean-sh.de\/en\/product\/anzug-2-teilig-hose-sakko\/","title":{"rendered":"Anzug 2 teilig (Hose-Sakko)"},"content":{"rendered":"<p>Deine Anzug mit Mobile Textilreinigung &amp; W\u00e4scherei in Kiel &amp; Umgebung wird p\u00fcnktlich, frisch gereinigt und sorgf\u00e4ltig geb\u00fcgelt zu dir zur\u00fcckgebracht.<\/p>\n<p>Wir holen Ihre Anzug zu festgelegten oder nach Bedarf vereinbarten Terminen direkt von Ihrem gew\u00e4hlten Ort in Kiel und Umgebung ab.<\/p>\n<p><span class=\"VIpgJd-yAWNEb-VIpgJd-fmcmS-sn54Q\">Unser Hol- und Bringservice macht es Ihnen leicht, Zeit zu sparen.\u00a0<\/span><span>Lass uns deine Kleidung waschen und genie\u00dfe den Komfort, sie termingerecht zu Hause geliefert zu bekommen \u2013 ein Service von TexClean f\u00fcr mehr Bequemlichkeit im Alltag.<\/span><\/p>\n<div class=\"has_eae_slider elementor-column elementor-col-33 elementor-inner-column elementor-element elementor-element-b8cb2e1\" data-id=\"b8cb2e1\" data-element_type=\"column\">\n<div class=\"elementor-widget-wrap elementor-element-populated\">\n<div class=\"elementor-element elementor-element-18c3f2d elementor-position-left elementor-mobile-position-left elementor-view-default elementor-vertical-align-top elementor-widget elementor-widget-icon-box\" data-id=\"18c3f2d\" data-element_type=\"widget\" data-widget_type=\"icon-box.default\">\n<div class=\"elementor-widget-container\">\n<div class=\"elementor-icon-box-wrapper\">\n<div class=\"elementor-icon-box-content\">\n<h3 class=\"elementor-icon-box-title\"><span><span class=\"VIpgJd-yAWNEb-VIpgJd-fmcmS-sn54Q\">Mobile Textilreinigung &amp; W\u00e4scherei in Kiel &amp; Umgebung<\/span><\/span><\/h3>\n<p class=\"elementor-icon-box-description\"><span>Unser W\u00e4sche- und B\u00fcgelservice ist in Ihrer N\u00e4he verf\u00fcgbar.\u00a0<span class=\"\">Egal, wo du bist, TexClean ist immer in deiner N\u00e4he, bereit, dir zu dienen.<\/span><\/span><\/p>\n<\/div>\n<\/div>\n<\/div>\n<\/div>\n<div class=\"elementor-element elementor-element-7d4fa9b elementor-widget elementor-widget-spacer\" data-id=\"7d4fa9b\" data-element_type=\"widget\" data-widget_type=\"spacer.default\">\n<div class=\"elementor-widget-container\">\n<div class=\"elementor-spacer\">\n<div class=\"elementor-spacer-inner\"><\/div>\n<\/div>\n<\/div>\n<\/div>\n<\/div>\n<\/div>\n<div class=\"has_eae_slider elementor-column elementor-col-33 elementor-inner-column elementor-element elementor-element-c1e3014\" data-id=\"c1e3014\" data-element_type=\"column\">\n<div class=\"elementor-widget-wrap elementor-element-populated\">\n<div class=\"elementor-element elementor-element-d8fa0c7 elementor-widget elementor-widget-spacer\" data-id=\"d8fa0c7\" data-element_type=\"widget\" data-widget_type=\"spacer.default\">\n<div class=\"elementor-widget-container\">\n<div class=\"elementor-spacer\"><span class=\"VIpgJd-yAWNEb-VIpgJd-fmcmS-sn54Q\">Mit unserem exklusiven Abhol- und Lieferservice TexClean Textilreinigung in Kiel und Umgebung m\u00fcssen Sie sich keine Sorgen um schmutzige Kleidung machen, egal ob Sie Anzug, Kleid oder Hemd haben.\u00a0<\/span><span>Bestellen Sie bequem online und wir bringen Sie, bearbeitet mit den neuesten Reinigungs- und B\u00fcgeltechniken, in 48 Stunden zu Ihnen nach Hause.<\/span><\/div>\n<\/div>\n<\/div>\n<\/div>\n<\/div>\n<p>&nbsp;<\/p>","protected":false},"excerpt":{"rendered":"<p>Gereinigt und geb\u00fcgelt. Bearbeitungsdauer: 2 Werktage<\/p>","protected":false},"featured_media":1894,"comment_status":"open","ping_status":"closed","template":"","meta":{"site-sidebar-layout":"default","site-content-layout":"","ast-site-content-layout":"default","site-content-style":"default","site-sidebar-style":"default","ast-global-header-display":"","ast-banner-title-visibility":"","ast-main-header-display":"","ast-hfb-above-header-display":"","ast-hfb-below-header-display":"","ast-hfb-mobile-header-display":"","site-post-title":"","ast-breadcrumbs-content":"","ast-featured-img":"","footer-sml-layout":"","ast-disable-related-posts":"","theme-transparent-header-meta":"default","adv-header-id-meta":"","stick-header-meta":"","header-above-stick-meta":"","header-main-stick-meta":"","header-below-stick-meta":"","astra-migrate-meta-layouts":"set","ast-page-background-enabled":"default","ast-page-background-meta":{"desktop":{"background-color":"var(--ast-global-color-4)","background-image":"","background-repeat":"repeat","background-position":"center center","background-size":"auto","background-attachment":"scroll","background-type":"","background-media":"","overlay-type":"","overlay-color":"","overlay-opacity":"","overlay-gradient":""},"tablet":{"background-color":"","background-image":"","background-repeat":"repeat","background-position":"center center","background-size":"auto","background-attachment":"scroll","background-type":"","background-media":"","overlay-type":"","overlay-color":"","overlay-opacity":"","overlay-gradient":""},"mobile":{"background-color":"","background-image":"","background-repeat":"repeat","background-position":"center center","background-size":"auto","background-attachment":"scroll","background-type":"","background-media":"","overlay-type":"","overlay-color":"","overlay-opacity":"","overlay-gradient":""}},"ast-content-background-meta":{"desktop":{"background-color":"var(--ast-global-color-5)","background-image":"","background-repeat":"repeat","background-position":"center center","background-size":"auto","background-attachment":"scroll","background-type":"","background-media":"","overlay-type":"","overlay-color":"","overlay-opacity":"","overlay-gradient":""},"tablet":{"background-color":"var(--ast-global-color-5)","background-image":"","background-repeat":"repeat","background-position":"center center","background-size":"auto","background-attachment":"scroll","background-type":"","background-media":"","overlay-type":"","overlay-color":"","overlay-opacity":"","overlay-gradient":""},"mobile":{"background-color":"var(--ast-global-color-5)","background-image":"","background-repeat":"repeat","background-position":"center center","background-size":"auto","background-attachment":"scroll","background-type":"","background-media":"","overlay-type":"","overlay-color":"","overlay-opacity":"","overlay-gradient":""}}},"product_brand":[],"product_cat":[27],"product_tag":[73,71,72],"class_list":{"0":"post-1893","1":"product","2":"type-product","3":"status-publish","4":"has-post-thumbnail","6":"product_cat-business","7":"product_tag-anzug-2-teilig","8":"product_tag-anzug-reinigung-kiel","9":"product_tag-reinigung-kiel","10":"desktop-align-left","11":"tablet-align-left","12":"mobile-align-left","14":"first","15":"instock","16":"taxable","17":"shipping-taxable","18":"purchasable","19":"product-type-simple"},"yoast_head":"<!-- This site is optimized with the Yoast SEO Premium plugin v22.1 (Yoast SEO v27.4) - https:\/\/yoast.com\/product\/yoast-seo-premium-wordpress\/ -->\n<title>Anzug 2 Teilig - Anzug reinigung kiel -Anzug reinigung in 48 Stunde<\/title>\n<meta name=\"description\" content=\"Wir holen Ihre Anzug 2 Teilig zu festgelegten oder nach Bedarf vereinbarten Terminen direkt von Ihrem gew\u00e4hlten Ort in Kiel und Umgebung ab.\" \/>\n<meta name=\"robots\" content=\"index, follow, max-snippet:-1, max-image-preview:large, max-video-preview:-1\" \/>\n<link rel=\"canonical\" href=\"https:\/\/texclean-sh.de\/en\/product\/anzug-2-teilig-hose-sakko\/\" \/>\n<meta property=\"og:locale\" content=\"en_US\" \/>\n<meta property=\"og:type\" content=\"article\" \/>\n<meta property=\"og:title\" content=\"Anzug 2 teilig (Hose-Sakko)\" \/>\n<meta property=\"og:description\" content=\"Wir holen Ihre Anzug 2 Teilig zu festgelegten oder nach Bedarf vereinbarten Terminen direkt von Ihrem gew\u00e4hlten Ort in Kiel und Umgebung ab.\" \/>\n<meta property=\"og:url\" content=\"https:\/\/texclean-sh.de\/en\/product\/anzug-2-teilig-hose-sakko\/\" \/>\n<meta property=\"og:site_name\" content=\"Tex Clean\" \/>\n<meta property=\"article:publisher\" content=\"https:\/\/www.facebook.com\/Tex.Clean.Reinigung\" \/>\n<meta property=\"article:modified_time\" content=\"2025-10-26T20:48:59+00:00\" \/>\n<meta property=\"og:image\" content=\"https:\/\/texclean-sh.de\/wp-content\/uploads\/2024\/02\/Anzug-2-teilig.jpg\" \/>\n\t<meta property=\"og:image:width\" content=\"1079\" \/>\n\t<meta property=\"og:image:height\" content=\"1137\" \/>\n\t<meta property=\"og:image:type\" content=\"image\/jpeg\" \/>\n<meta name=\"twitter:card\" content=\"summary_large_image\" \/>\n<meta name=\"twitter:label1\" content=\"Est. reading time\" \/>\n\t<meta name=\"twitter:data1\" content=\"1 minute\" \/>\n<script type=\"application\/ld+json\" class=\"yoast-schema-graph\">{\"@context\":\"https:\\\/\\\/schema.org\",\"@graph\":[{\"@type\":\"WebPage\",\"@id\":\"https:\\\/\\\/texclean-sh.de\\\/product\\\/anzug-2-teilig-hose-sakko\\\/\",\"url\":\"https:\\\/\\\/texclean-sh.de\\\/product\\\/anzug-2-teilig-hose-sakko\\\/\",\"name\":\"Anzug 2 Teilig - Anzug reinigung kiel -Anzug reinigung in 48 Stunde\",\"isPartOf\":{\"@id\":\"https:\\\/\\\/texclean-sh.de\\\/#website\"},\"primaryImageOfPage\":{\"@id\":\"https:\\\/\\\/texclean-sh.de\\\/product\\\/anzug-2-teilig-hose-sakko\\\/#primaryimage\"},\"image\":{\"@id\":\"https:\\\/\\\/texclean-sh.de\\\/product\\\/anzug-2-teilig-hose-sakko\\\/#primaryimage\"},\"thumbnailUrl\":\"https:\\\/\\\/texclean-sh.de\\\/wp-content\\\/uploads\\\/2024\\\/02\\\/Anzug-2-teilig.jpg\",\"datePublished\":\"2024-02-25T00:18:09+00:00\",\"dateModified\":\"2025-10-26T20:48:59+00:00\",\"description\":\"Wir holen Ihre Anzug 2 Teilig zu festgelegten oder nach Bedarf vereinbarten Terminen direkt von Ihrem gew\u00e4hlten Ort in Kiel und Umgebung ab.\",\"breadcrumb\":{\"@id\":\"https:\\\/\\\/texclean-sh.de\\\/product\\\/anzug-2-teilig-hose-sakko\\\/#breadcrumb\"},\"inLanguage\":\"en-US\",\"potentialAction\":[{\"@type\":\"ReadAction\",\"target\":[\"https:\\\/\\\/texclean-sh.de\\\/product\\\/anzug-2-teilig-hose-sakko\\\/\"]}]},{\"@type\":\"ImageObject\",\"inLanguage\":\"en-US\",\"@id\":\"https:\\\/\\\/texclean-sh.de\\\/product\\\/anzug-2-teilig-hose-sakko\\\/#primaryimage\",\"url\":\"https:\\\/\\\/texclean-sh.de\\\/wp-content\\\/uploads\\\/2024\\\/02\\\/Anzug-2-teilig.jpg\",\"contentUrl\":\"https:\\\/\\\/texclean-sh.de\\\/wp-content\\\/uploads\\\/2024\\\/02\\\/Anzug-2-teilig.jpg\",\"width\":1079,\"height\":1137,\"caption\":\"Anzug reinigung kiel\"},{\"@type\":\"BreadcrumbList\",\"@id\":\"https:\\\/\\\/texclean-sh.de\\\/product\\\/anzug-2-teilig-hose-sakko\\\/#breadcrumb\",\"itemListElement\":[{\"@type\":\"ListItem\",\"position\":1,\"name\":\"Home\",\"item\":\"https:\\\/\\\/texclean-sh.de\\\/\"},{\"@type\":\"ListItem\",\"position\":2,\"name\":\"Shop\",\"item\":\"https:\\\/\\\/texclean-sh.de\\\/shop\\\/\"},{\"@type\":\"ListItem\",\"position\":3,\"name\":\"Anzug 2 teilig (Hose-Sakko)\"}]},{\"@type\":\"WebSite\",\"@id\":\"https:\\\/\\\/texclean-sh.de\\\/#website\",\"url\":\"https:\\\/\\\/texclean-sh.de\\\/\",\"name\":\"Tex Clean Reinigung\",\"description\":\"Textilreinigung &amp; W&auml;scherei in Kiel &amp; Umgebung\",\"publisher\":{\"@id\":\"https:\\\/\\\/texclean-sh.de\\\/#organization\"},\"alternateName\":\"TexClean\",\"potentialAction\":[{\"@type\":\"SearchAction\",\"target\":{\"@type\":\"EntryPoint\",\"urlTemplate\":\"https:\\\/\\\/texclean-sh.de\\\/?s={search_term_string}\"},\"query-input\":{\"@type\":\"PropertyValueSpecification\",\"valueRequired\":true,\"valueName\":\"search_term_string\"}}],\"inLanguage\":\"en-US\"},{\"@type\":\"Organization\",\"@id\":\"https:\\\/\\\/texclean-sh.de\\\/#organization\",\"name\":\"Tex Clean Reinigung\",\"url\":\"https:\\\/\\\/texclean-sh.de\\\/\",\"logo\":{\"@type\":\"ImageObject\",\"inLanguage\":\"en-US\",\"@id\":\"https:\\\/\\\/texclean-sh.de\\\/#\\\/schema\\\/logo\\\/image\\\/\",\"url\":\"https:\\\/\\\/texclean-sh.de\\\/wp-content\\\/uploads\\\/2024\\\/02\\\/logo1.png\",\"contentUrl\":\"https:\\\/\\\/texclean-sh.de\\\/wp-content\\\/uploads\\\/2024\\\/02\\\/logo1.png\",\"width\":1000,\"height\":1000,\"caption\":\"Tex Clean Reinigung\"},\"image\":{\"@id\":\"https:\\\/\\\/texclean-sh.de\\\/#\\\/schema\\\/logo\\\/image\\\/\"},\"sameAs\":[\"https:\\\/\\\/www.facebook.com\\\/Tex.Clean.Reinigung\"]}]}<\/script>\n<!-- \/ Yoast SEO Premium plugin. -->","yoast_head_json":{"title":"Anzug 2 Teilig - Anzug reinigung kiel -Anzug reinigung in 48 Stunde","description":"Wir holen Ihre Anzug 2 Teilig zu festgelegten oder nach Bedarf vereinbarten Terminen direkt von Ihrem gew\u00e4hlten Ort in Kiel und Umgebung ab.","robots":{"index":"index","follow":"follow","max-snippet":"max-snippet:-1","max-image-preview":"max-image-preview:large","max-video-preview":"max-video-preview:-1"},"canonical":"https:\/\/texclean-sh.de\/en\/product\/anzug-2-teilig-hose-sakko\/","og_locale":"en_US","og_type":"article","og_title":"Anzug 2 teilig (Hose-Sakko)","og_description":"Wir holen Ihre Anzug 2 Teilig zu festgelegten oder nach Bedarf vereinbarten Terminen direkt von Ihrem gew\u00e4hlten Ort in Kiel und Umgebung ab.","og_url":"https:\/\/texclean-sh.de\/en\/product\/anzug-2-teilig-hose-sakko\/","og_site_name":"Tex Clean","article_publisher":"https:\/\/www.facebook.com\/Tex.Clean.Reinigung","article_modified_time":"2025-10-26T20:48:59+00:00","og_image":[{"width":1079,"height":1137,"url":"https:\/\/texclean-sh.de\/wp-content\/uploads\/2024\/02\/Anzug-2-teilig.jpg","type":"image\/jpeg"}],"twitter_card":"summary_large_image","twitter_misc":{"Est. reading time":"1 minute"},"schema":{"@context":"https:\/\/schema.org","@graph":[{"@type":"WebPage","@id":"https:\/\/texclean-sh.de\/product\/anzug-2-teilig-hose-sakko\/","url":"https:\/\/texclean-sh.de\/product\/anzug-2-teilig-hose-sakko\/","name":"Anzug 2 Teilig - Anzug reinigung kiel -Anzug reinigung in 48 Stunde","isPartOf":{"@id":"https:\/\/texclean-sh.de\/#website"},"primaryImageOfPage":{"@id":"https:\/\/texclean-sh.de\/product\/anzug-2-teilig-hose-sakko\/#primaryimage"},"image":{"@id":"https:\/\/texclean-sh.de\/product\/anzug-2-teilig-hose-sakko\/#primaryimage"},"thumbnailUrl":"https:\/\/texclean-sh.de\/wp-content\/uploads\/2024\/02\/Anzug-2-teilig.jpg","datePublished":"2024-02-25T00:18:09+00:00","dateModified":"2025-10-26T20:48:59+00:00","description":"Wir holen Ihre Anzug 2 Teilig zu festgelegten oder nach Bedarf vereinbarten Terminen direkt von Ihrem gew\u00e4hlten Ort in Kiel und Umgebung ab.","breadcrumb":{"@id":"https:\/\/texclean-sh.de\/product\/anzug-2-teilig-hose-sakko\/#breadcrumb"},"inLanguage":"en-US","potentialAction":[{"@type":"ReadAction","target":["https:\/\/texclean-sh.de\/product\/anzug-2-teilig-hose-sakko\/"]}]},{"@type":"ImageObject","inLanguage":"en-US","@id":"https:\/\/texclean-sh.de\/product\/anzug-2-teilig-hose-sakko\/#primaryimage","url":"https:\/\/texclean-sh.de\/wp-content\/uploads\/2024\/02\/Anzug-2-teilig.jpg","contentUrl":"https:\/\/texclean-sh.de\/wp-content\/uploads\/2024\/02\/Anzug-2-teilig.jpg","width":1079,"height":1137,"caption":"Anzug reinigung kiel"},{"@type":"BreadcrumbList","@id":"https:\/\/texclean-sh.de\/product\/anzug-2-teilig-hose-sakko\/#breadcrumb","itemListElement":[{"@type":"ListItem","position":1,"name":"Home","item":"https:\/\/texclean-sh.de\/"},{"@type":"ListItem","position":2,"name":"Shop","item":"https:\/\/texclean-sh.de\/shop\/"},{"@type":"ListItem","position":3,"name":"Anzug 2 teilig (Hose-Sakko)"}]},{"@type":"WebSite","@id":"https:\/\/texclean-sh.de\/#website","url":"https:\/\/texclean-sh.de\/","name":"Tex Clean Reinigung","description":"Textilreinigung &amp; W&auml;scherei in Kiel &amp; Umgebung","publisher":{"@id":"https:\/\/texclean-sh.de\/#organization"},"alternateName":"TexClean","potentialAction":[{"@type":"SearchAction","target":{"@type":"EntryPoint","urlTemplate":"https:\/\/texclean-sh.de\/?s={search_term_string}"},"query-input":{"@type":"PropertyValueSpecification","valueRequired":true,"valueName":"search_term_string"}}],"inLanguage":"en-US"},{"@type":"Organization","@id":"https:\/\/texclean-sh.de\/#organization","name":"Tex Clean Reinigung","url":"https:\/\/texclean-sh.de\/","logo":{"@type":"ImageObject","inLanguage":"en-US","@id":"https:\/\/texclean-sh.de\/#\/schema\/logo\/image\/","url":"https:\/\/texclean-sh.de\/wp-content\/uploads\/2024\/02\/logo1.png","contentUrl":"https:\/\/texclean-sh.de\/wp-content\/uploads\/2024\/02\/logo1.png","width":1000,"height":1000,"caption":"Tex Clean Reinigung"},"image":{"@id":"https:\/\/texclean-sh.de\/#\/schema\/logo\/image\/"},"sameAs":["https:\/\/www.facebook.com\/Tex.Clean.Reinigung"]}]}},"_links":{"self":[{"href":"https:\/\/texclean-sh.de\/en\/wp-json\/wp\/v2\/product\/1893","targetHints":{"allow":["GET"]}}],"collection":[{"href":"https:\/\/texclean-sh.de\/en\/wp-json\/wp\/v2\/product"}],"about":[{"href":"https:\/\/texclean-sh.de\/en\/wp-json\/wp\/v2\/types\/product"}],"replies":[{"embeddable":true,"href":"https:\/\/texclean-sh.de\/en\/wp-json\/wp\/v2\/comments?post=1893"}],"version-history":[{"count":1,"href":"https:\/\/texclean-sh.de\/en\/wp-json\/wp\/v2\/product\/1893\/revisions"}],"predecessor-version":[{"id":1895,"href":"https:\/\/texclean-sh.de\/en\/wp-json\/wp\/v2\/product\/1893\/revisions\/1895"}],"wp:featuredmedia":[{"embeddable":true,"href":"https:\/\/texclean-sh.de\/en\/wp-json\/wp\/v2\/media\/1894"}],"wp:attachment":[{"href":"https:\/\/texclean-sh.de\/en\/wp-json\/wp\/v2\/media?parent=1893"}],"wp:term":[{"taxonomy":"product_brand","embeddable":true,"href":"https:\/\/texclean-sh.de\/en\/wp-json\/wp\/v2\/product_brand?post=1893"},{"taxonomy":"product_cat","embeddable":true,"href":"https:\/\/texclean-sh.de\/en\/wp-json\/wp\/v2\/product_cat?post=1893"},{"taxonomy":"product_tag","embeddable":true,"href":"https:\/\/texclean-sh.de\/en\/wp-json\/wp\/v2\/product_tag?post=1893"}],"curies":[{"name":"wp","href":"https:\/\/api.w.org\/{rel}","templated":true}]}}